{"id":103,"date":"2015-04-01T14:27:07","date_gmt":"2015-04-01T14:27:07","guid":{"rendered":"http:\/\/handerek.co\/?page_id=103"},"modified":"2015-05-04T15:19:14","modified_gmt":"2015-05-04T15:19:14","slug":"blog","status":"publish","type":"page","link":"https:\/\/handerek.co\/en\/blog\/","title":{"rendered":"Blog"},"content":{"rendered":"<p>In this blog entries shall be made which regard advice, interesting facts and legal novelties connected with scope of business activity of MH LEGAL.<\/p>\n<div class=\"display-posts-listing\"><div class=\"listing-item\"><a class=\"title\" href=\"https:\/\/handerek.co\/en\/nowelizacja-w-zw-z-rodo-zmianie-od-4-maja-2019-r-ulega-168-ustaw\/\">Nowelizacja w zw. z RODO &#8211; zmianie od 4 maja 2019 r. ulega 168 ustaw<\/a> <span class=\"date\">26.04.2019<\/span> <span class=\"excerpt-dash\">-<\/span> <span class=\"excerpt\">Po wej\u015bciu w \u017cycie 25 maja 2018 r. rozporz\u0105dzenia Parlamentu Europejskiego i Rady (UE) 2016\/679 z dnia 27 kwietnia 2016 r. w sprawie ochrony os\u00f3b fizycznych w zwi\u0105zku z przetwarzaniem danych osobowych i w sprawie swobodnego przep\u0142ywu takich danych oraz uchylenia dyrektywy 95\/46\/WE (og\u00f3lne rozporz\u0105dzenie o ochronie danych) nast\u0105pi\u0142a konieczno\u015b\u0107 dostosowania Polskiego ustawodawstwa (z czym [&hellip;]<\/span><span class=\"readmore\"><a href=\"https:\/\/handerek.co\/en\/nowelizacja-w-zw-z-rodo-zmianie-od-4-maja-2019-r-ulega-168-ustaw\/\">read more<\/a><\/span><\/div><div class=\"listing-item\"><a class=\"title\" href=\"https:\/\/handerek.co\/en\/nowa-publikacja-radcy-prawnego-mateusza-handerka-z-zakresu-prawa-gospodarki-odpadami-2\/\">nowa publikacja radcy prawnego mateusza ha\u0144derka z zakresu prawa gospodarki odpadami<\/a> <span class=\"date\">14.01.2019<\/span> <span class=\"excerpt-dash\">-<\/span> <span class=\"excerpt\">Informujemy, \u017ce w listopadzie 2018 r. Polska Izba Ekologii wyda\u0142a publikacj\u0119, dofinansowan\u0105 ze \u015brodk\u00f3w WFO\u015aiGW w Katowicach, pt. &#8220;Prawne instrumenty ochrony powietrza. Wybrane zagadnienia&#8221; pod redakcj\u0105 Filipa Nawrota i Ewy Radeckiej (z d. Olejarczyk). Jednym ze wsp\u00f3\u0142autor\u00f3w jest radca prawny Mateusz Ha\u0144derek, kt\u00f3ry opisuje problemy zwi\u0105zane z tzw. uchwa\u0142ami antysmogowymi. Jest to istotna tematyka dla [&hellip;]<\/span><span class=\"readmore\"><a href=\"https:\/\/handerek.co\/en\/nowa-publikacja-radcy-prawnego-mateusza-handerka-z-zakresu-prawa-gospodarki-odpadami-2\/\">read more<\/a><\/span><\/div><div class=\"listing-item\"><a class=\"title\" href=\"https:\/\/handerek.co\/en\/mh-legal-kancelaria-laureatem-plebistytu-orly-prawa-2018\/\">MH LEGAL Kancelaria Laureatem Plebistytu Or\u0142y Prawa 2018<\/a> <span class=\"date\">03.01.2019<\/span> <span class=\"excerpt-dash\">-<\/span> <span class=\"excerpt\">Szanowni Pa\u0144stwo, z przyjemno\u015bci\u0105 informujemy, \u017ce MH LEGAL Kancelaria Radcy Prawnego Mateusz Ha\u0144derek zosta\u0142a laureatem plebiscytu bran\u017cowego OR\u0141Y PRAWA w roku 2018, umacniaj\u0105c swoj\u0105 pozycj\u0119 kancelarii dbaj\u0105cej o najwy\u017csz\u0105 jako\u015b\u0107 \u015bwiadczonych us\u0142ug oraz satysfakcj\u0119 naszych Klient\u00f3w. Serdecznie dzi\u0119kujemy naszym Klientom za przyznanie tego wyr\u00f3\u017cnienia.<\/span><span class=\"readmore\"><a href=\"https:\/\/handerek.co\/en\/mh-legal-kancelaria-laureatem-plebistytu-orly-prawa-2018\/\">read more<\/a><\/span><\/div><div class=\"listing-item\"><a class=\"title\" href=\"https:\/\/handerek.co\/en\/25-maja-2018-r-wchodzi-w-zycie-rodo-gdpr-co-powinienes-wiedziec\/\">25 maja 2018 r. wchodzi w \u017cycie RODO (GDPR) &#8211; co powiniene\u015b wiedzie\u0107<\/a> <span class=\"date\">12.04.2018<\/span> <span class=\"excerpt-dash\">-<\/span> <span class=\"excerpt\">Sorry, this entry is only available in PL.<\/span><span class=\"readmore\"><a href=\"https:\/\/handerek.co\/en\/25-maja-2018-r-wchodzi-w-zycie-rodo-gdpr-co-powinienes-wiedziec\/\">read more<\/a><\/span><\/div><\/div>\n","protected":false},"excerpt":{"rendered":"<p>In this blog entries shall be made which regard advice, interesting facts and legal novelties connected with scope of business activity of MH LEGAL.<\/p>\n","protected":false},"author":1,"featured_media":128,"parent":0,"menu_order":6,"comment_status":"closed","ping_status":"closed","template":"","meta":{"footnotes":""},"class_list":["post-103","page","type-page","status-publish","has-post-thumbnail","hentry"],"_links":{"self":[{"href":"https:\/\/handerek.co\/en\/wp-json\/wp\/v2\/pages\/103","targetHints":{"allow":["GET"]}}],"collection":[{"href":"https:\/\/handerek.co\/en\/wp-json\/wp\/v2\/pages"}],"about":[{"href":"https:\/\/handerek.co\/en\/wp-json\/wp\/v2\/types\/page"}],"author":[{"embeddable":true,"href":"https:\/\/handerek.co\/en\/wp-json\/wp\/v2\/users\/1"}],"replies":[{"embeddable":true,"href":"https:\/\/handerek.co\/en\/wp-json\/wp\/v2\/comments?post=103"}],"version-history":[{"count":12,"href":"https:\/\/handerek.co\/en\/wp-json\/wp\/v2\/pages\/103\/revisions"}],"predecessor-version":[{"id":234,"href":"https:\/\/handerek.co\/en\/wp-json\/wp\/v2\/pages\/103\/revisions\/234"}],"wp:featuredmedia":[{"embeddable":true,"href":"https:\/\/handerek.co\/en\/wp-json\/wp\/v2\/media\/128"}],"wp:attachment":[{"href":"https:\/\/handerek.co\/en\/wp-json\/wp\/v2\/media?parent=103"}],"curies":[{"name":"wp","href":"https:\/\/api.w.org\/{rel}","templated":true}]}}