{"id":90,"date":"2015-03-23T16:41:47","date_gmt":"2015-03-23T16:41:47","guid":{"rendered":"http:\/\/handerek.co\/?page_id=90"},"modified":"2018-04-12T09:06:59","modified_gmt":"2018-04-12T09:06:59","slug":"wspolpraca","status":"publish","type":"page","link":"https:\/\/handerek.co\/en\/team\/","title":{"rendered":"Team"},"content":{"rendered":"<p>In its business activities, MH LEGAL cooperates with the following entities in providing legal services.<\/p>\n<div class=\"listing-item\">\n<span class=\"title capitalize\">Janusz Ha\u0144derek<\/span><br \/>\n<span class=\"excerpt\">Attorney. He practices as attorney since 1982, and since 1990 in his individual legal office. A long-time activist of advocacy self-government authorities and member of examination committees of attorney trainees. During his professional careers he accumulated rich experience in handling penal cases, including business and treasury crimes.<\/span><br \/>\n<span class=\"website\"><a href=\"http:\/\/www.handerek-adwokat.pl\" target=\"_blank\">www.handerek-adwokat.pl<\/a><\/span>\n<\/div>\n<div class=\"listing-item\">\n<span class=\"title capitalize\">Attorney Team \u201eWzg\u00f3rze\u201d Bielsko \u2013 Bia\u0142a<\/span><br \/>\n<span class=\"excerpt\">Attorney Team \u201eWzg\u00f3rze\u201d Bielsko \u2013 Bia\u0142a is active since 1990 r. The office consists of nine attorneys, supported by attorney trainees and administrative employees.<\/span><br \/>\n<span class=\"website\"><a href=\"http:\/\/www.adwokacibielsko.pl\" target=\"_blank\">www.adwokacibielsko.pl<\/a><\/span>\n<\/div>\n<div class=\"clear\"><\/div>\n<div class=\"listing-item\">\n<span class=\"title capitalize\">Artur Walkowicz<\/span><br \/>\n<span class=\"excerpt\">Legal Advisor. He completed apprenticeship in legal advisor profession concucted by the Disctict Legal Advisors Chamber in Katowice. His preferred areas of practice are obligations law and business and trade law, and also matters regarding bio-fuels.<\/span>\n<\/div>\n<div class=\"listing-item\">\n<span class=\"title capitalize\">Oskar Mo\u017cd\u017cy\u0144<\/span><br \/>\n<span class=\"excerpt\">Lawyer. PhD student in the department of Public Business Law of the  Law and Administration Faculty of University of Silesia. He specializes in matters of automotive claims (traffic accidents and vehicle defects), consumer law and administrative law.<\/span><br \/>\n<span class=\"website\"><a href=\"http:\/\/www.autoprawo.pl\" target=\"_blank\">www.autoprawo.pl<\/a><\/span><span class=\"website last\"><a href=\"http:\/\/www.maszprawo.org.pl\" target=\"_blank\">www.maszprawo.org.pl<\/a><\/span>\n<\/div>\n<div class=\"clear\"><\/div>\n","protected":false},"excerpt":{"rendered":"<p>In its business activities, MH LEGAL cooperates with the following entities in providing legal services. Janusz Ha\u0144derek Attorney. He practices as attorney since 1982, and since 1990 in his individual legal office. A long-time activist of advocacy self-government authorities and member of examination committees of attorney trainees. During his professional careers he accumulated rich experience [&hellip;]<\/p>\n","protected":false},"author":1,"featured_media":129,"parent":0,"menu_order":4,"comment_status":"closed","ping_status":"closed","template":"","meta":{"footnotes":""},"class_list":["post-90","page","type-page","status-publish","has-post-thumbnail","hentry"],"_links":{"self":[{"href":"https:\/\/handerek.co\/en\/wp-json\/wp\/v2\/pages\/90","targetHints":{"allow":["GET"]}}],"collection":[{"href":"https:\/\/handerek.co\/en\/wp-json\/wp\/v2\/pages"}],"about":[{"href":"https:\/\/handerek.co\/en\/wp-json\/wp\/v2\/types\/page"}],"author":[{"embeddable":true,"href":"https:\/\/handerek.co\/en\/wp-json\/wp\/v2\/users\/1"}],"replies":[{"embeddable":true,"href":"https:\/\/handerek.co\/en\/wp-json\/wp\/v2\/comments?post=90"}],"version-history":[{"count":25,"href":"https:\/\/handerek.co\/en\/wp-json\/wp\/v2\/pages\/90\/revisions"}],"predecessor-version":[{"id":151,"href":"https:\/\/handerek.co\/en\/wp-json\/wp\/v2\/pages\/90\/revisions\/151"}],"wp:featuredmedia":[{"embeddable":true,"href":"https:\/\/handerek.co\/en\/wp-json\/wp\/v2\/media\/129"}],"wp:attachment":[{"href":"https:\/\/handerek.co\/en\/wp-json\/wp\/v2\/media?parent=90"}],"curies":[{"name":"wp","href":"https:\/\/api.w.org\/{rel}","templated":true}]}}